{"id":362,"date":"2008-10-06T18:43:31","date_gmt":"2008-10-06T16:43:31","guid":{"rendered":"http:\/\/www.to-load.de\/wordpress\/?page_id=362"},"modified":"2008-10-06T18:43:31","modified_gmt":"2008-10-06T16:43:31","slug":"alte-snow3-downloads","status":"publish","type":"page","link":"https:\/\/to-works.de\/wp\/alte-snow3-downloads\/","title":{"rendered":"Alte Snow3 Downloads"},"content":{"rendered":"<p>Aus historischen Gr\u00fcnden finden sich hier alle je ver\u00f6ffentlichten Snow3 Versionen. Bitte beachtet, da\u00df die folgenden Alt-Versionen nicht alle Fehlerbehebungen und Funktionen der aktuellen Version beinhalten.<\/p>\n<ul>\n<li><a href=\"http:\/\/www.to-load.de\/downloads\/1.4.1\/setup.exe\">Snow3 Setup<\/a> Version: <strong>1.4.1<\/strong><br \/>\nDateigr\u00f6\u00dfe: 1,49 MB<strong><br \/>\nSystemanforderungen:<br \/>\n<\/strong>Microsoft Windows\u00a9 2000\/XP<\/li>\n<\/ul>\n<ul>\n<li><a href=\"http:\/\/www.to-load.de\/downloads\/1.4.0\/setup.exe\">Snow3 Setup<\/a> Version: <strong>1.4.0<\/strong><br \/>\nDateigr\u00f6\u00dfe: 1,49 MB<strong><br \/>\nSystemanforderungen:<br \/>\n<\/strong>Microsoft Windows\u00a9 2000\/XP<\/li>\n<\/ul>\n<ul>\n<li><a href=\"http:\/\/www.to-load.de\/downloads\/1.3.3\/setup.exe\">Snow3 Setup<\/a> Version: <strong>1.3.3<\/strong><br \/>\nDateigr\u00f6\u00dfe: 1,49 MB<strong><br \/>\nSystemanforderungen:<br \/>\n<\/strong>Microsoft Windows\u00a9 2000\/XP<\/li>\n<\/ul>\n<ul>\n<li><a href=\"http:\/\/www.to-load.de\/downloads\/1.3.1\/setup.exe\">Snow3 Setup<\/a> Version: <strong>1.3.1<\/strong><br \/>\nDateigr\u00f6\u00dfe: 1,25 MB<br \/>\n<strong>Systemanforderungen:<\/strong><br \/>\nMicrosoft Windows\u00a9 NT4\/2000\/XP<br \/>\nMicrosoft Windows\u00a9 95\/98\/ME<\/li>\n<\/ul>\n<ul>\n<li><a href=\"http:\/\/www.to-load.de\/downloads\/1.3.0\/setup.exe\">Snow3 Setup<\/a> Version: <strong>1.3.0<\/strong><br \/>\nDateigr\u00f6\u00dfe: 1,25 MB<strong><br \/>\nSystemanforderungen:<\/strong><br \/>\nMicrosoft Windows\u00a9 NT4\/2000\/XP<\/li>\n<\/ul>\n<ul>\n<li><a href=\"http:\/\/www.to-load.de\/downloads\/1.2.1\/setup.exe\">Snow3 Setup<\/a> Version: <strong>1.2.1<\/strong><br \/>\nDateigr\u00f6\u00dfe: 1,23 MB<strong><br \/>\nSystemanforderungen:<\/strong><br \/>\nMicrosoft Windows\u00a9 NT4\/2000\/XP,<br \/>\nMicrosoft Windows\u00a9 95\/98\/ME<\/li>\n<\/ul>\n<ul>\n<li><a href=\"http:\/\/www.to-load.de\/downloads\/1.2.0\/setup.exe\">Snow3 Setup<\/a> Version: <strong>1.2.0<\/strong><br \/>\nDateigr\u00f6\u00dfe: 1,23 MB<strong><br \/>\nSystemanforderungen:<\/strong><br \/>\nMicrosoft Windows\u00a9 NT4\/2000\/XP<\/li>\n<\/ul>\n<ul>\n<li><a href=\"http:\/\/www.to-load.de\/downloads\/1.1.1\/setup.exe\">Snow3 Setup<\/a> Version: <strong>1.1.1<\/strong><br \/>\nDateigr\u00f6\u00dfe: 1,1 MB<br \/>\n<strong>Systemanforderungen:<\/strong><br \/>\nMicrosoft Windows\u00a9 NT4\/2000\/XP<\/li>\n<\/ul>\n","protected":false},"excerpt":{"rendered":"<p>Aus historischen Gr\u00fcnden finden sich hier alle je ver\u00f6ffentlichten Snow3 Versionen. Bitte beachtet, da\u00df die folgenden Alt-Versionen nicht alle Fehlerbehebungen und Funktionen der aktuellen Version beinhalten. Snow3 Setup Version: 1.4.1 Dateigr\u00f6\u00dfe: 1,49 MB Systemanforderungen: Microsoft Windows\u00a9 2000\/XP Snow3 Setup Version:&#8230; <a class=\"more-link\" href=\"https:\/\/to-works.de\/wp\/alte-snow3-downloads\/\">Weiterlesen &rarr;<\/a><\/p>\n","protected":false},"author":1,"featured_media":0,"parent":0,"menu_order":0,"comment_status":"closed","ping_status":"closed","template":"","meta":[],"_links":{"self":[{"href":"https:\/\/to-works.de\/wp\/wp-json\/wp\/v2\/pages\/362"}],"collection":[{"href":"https:\/\/to-works.de\/wp\/wp-json\/wp\/v2\/pages"}],"about":[{"href":"https:\/\/to-works.de\/wp\/wp-json\/wp\/v2\/types\/page"}],"author":[{"embeddable":true,"href":"https:\/\/to-works.de\/wp\/wp-json\/wp\/v2\/users\/1"}],"replies":[{"embeddable":true,"href":"https:\/\/to-works.de\/wp\/wp-json\/wp\/v2\/comments?post=362"}],"version-history":[{"count":14,"href":"https:\/\/to-works.de\/wp\/wp-json\/wp\/v2\/pages\/362\/revisions"}],"predecessor-version":[{"id":455,"href":"https:\/\/to-works.de\/wp\/wp-json\/wp\/v2\/pages\/362\/revisions\/455"}],"wp:attachment":[{"href":"https:\/\/to-works.de\/wp\/wp-json\/wp\/v2\/media?parent=362"}],"curies":[{"name":"wp","href":"https:\/\/api.w.org\/{rel}","templated":true}]}}