{"id":369,"date":"2008-10-03T01:08:22","date_gmt":"2008-10-02T23:08:22","guid":{"rendered":"http:\/\/www.to-load.de\/wordpress\/?page_id=369"},"modified":"2008-10-03T01:08:22","modified_gmt":"2008-10-02T23:08:22","slug":"alte-ripples-downloads","status":"publish","type":"page","link":"https:\/\/to-works.de\/wp\/alte-ripples-downloads\/","title":{"rendered":"Alte Ripples Downloads"},"content":{"rendered":"<p>Aus historischen Gr\u00fcnden finden sich hier alle je ver\u00f6ffentlichten Ripples Versionen. Bitte beachtet, da\u00df die folgenden Alt-Versionen nicht alle Fehlerbehebungen und Funktionen der aktuellen Version beinhalten.<\/p>\n<ul>\n<li><a href=\"http:\/\/www.to-load.de\/downloads\/Ripples\/1.1.2\/setup.exe\">Ripples Setup<\/a> Version: <strong>1.1.2<\/strong><br \/>\nDateigr\u00f6\u00dfe: 5,10 MB<strong><br \/>\nSystemanforderungen:<\/strong><br \/>\nMicrosoft Windows\u00a9 2000\/XP\/Vista<\/li>\n<\/ul>\n<ul>\n<li><a href=\"http:\/\/www.to-load.de\/downloads\/Ripples\/1.1.1\/setup.exe\">Ripples Setup<\/a> Version: <strong>1.1.1<\/strong><br \/>\nDateigr\u00f6\u00dfe: 5,10 MB<strong><br \/>\nSystemanforderungen:<\/strong><br \/>\nMicrosoft Windows\u00a9 2000\/XP\/Vista<\/li>\n<\/ul>\n<ul>\n<li><a href=\"http:\/\/www.to-load.de\/downloads\/Ripples\/1.1.0\/setup.exe\">Ripples Setup<\/a> Version: <strong>1.1.0<\/strong><br \/>\nDateigr\u00f6\u00dfe: 5,10 MB<strong><br \/>\nSystemanforderungen:<\/strong><br \/>\nMicrosoft Windows\u00a9 2000\/XP\/Vista<\/li>\n<\/ul>\n<ul>\n<li><a href=\"http:\/\/www.to-load.de\/downloads\/Ripples\/1.0.1\/setup.exe\">Ripples Setup<\/a> Version: <strong>1.0.1<\/strong><br \/>\nDateigr\u00f6\u00dfe: 5,10 MB<strong><br \/>\nSystemanforderungen:<\/strong><br \/>\nMicrosoft Windows\u00a9 2000\/XP\/Vista<\/li>\n<\/ul>\n<ul>\n<li><a href=\"http:\/\/www.to-load.de\/downloads\/Ripples\/1.0.0\/setup.exe\">Ripples Setup<\/a> Version: <strong>1.0.0<\/strong><br \/>\nDateigr\u00f6\u00dfe: 5,10 MB<strong><br \/>\nSystemanforderungen:<\/strong><br \/>\nMicrosoft Windows\u00a9 2000\/XP\/Vista<\/li>\n<\/ul>\n<ul>\n<li><a href=\"http:\/\/www.to-load.de\/downloads\/Ripples\/0.9.6\/setup.exe\">Ripples Setup<\/a> Version: <strong>0.9.6<\/strong><br \/>\nDateigr\u00f6\u00dfe: 2,90 MB<strong><br \/>\nSystemanforderungen:<\/strong><br \/>\nMicrosoft Windows\u00a9 2000\/XP<\/li>\n<\/ul>\n<ul>\n<li><a href=\"http:\/\/www.to-load.de\/downloads\/Ripples\/0.9.5\/setup.exe\">Ripples Setup<\/a> Version: <strong>0.9.5<\/strong><br \/>\nDateigr\u00f6\u00dfe: 2,90 MB<br \/>\n<strong>Systemanforderungen:<\/strong><br \/>\nMicrosoft Windows\u00a9 2000\/XP<\/li>\n<\/ul>\n<ul>\n<li><a href=\"http:\/\/www.to-load.de\/downloads\/Ripples\/0.9.4\/setup.exe\">Ripples Setup<\/a> Version: <strong>0.9.4<\/strong><br \/>\nDateigr\u00f6\u00dfe: 2,87 MB<br \/>\n<strong>Systemanforderungen:<\/strong><br \/>\nMicrosoft Windows\u00a9 NT4\/2000\/XP<\/li>\n<\/ul>\n","protected":false},"excerpt":{"rendered":"<p>Aus historischen Gr\u00fcnden finden sich hier alle je ver\u00f6ffentlichten Ripples Versionen. Bitte beachtet, da\u00df die folgenden Alt-Versionen nicht alle Fehlerbehebungen und Funktionen der aktuellen Version beinhalten. Ripples Setup Version: 1.1.2 Dateigr\u00f6\u00dfe: 5,10 MB Systemanforderungen: Microsoft Windows\u00a9 2000\/XP\/Vista Ripples Setup Version:&#8230; <a class=\"more-link\" href=\"https:\/\/to-works.de\/wp\/alte-ripples-downloads\/\">Weiterlesen &rarr;<\/a><\/p>\n","protected":false},"author":1,"featured_media":0,"parent":0,"menu_order":0,"comment_status":"closed","ping_status":"closed","template":"","meta":[],"_links":{"self":[{"href":"https:\/\/to-works.de\/wp\/wp-json\/wp\/v2\/pages\/369"}],"collection":[{"href":"https:\/\/to-works.de\/wp\/wp-json\/wp\/v2\/pages"}],"about":[{"href":"https:\/\/to-works.de\/wp\/wp-json\/wp\/v2\/types\/page"}],"author":[{"embeddable":true,"href":"https:\/\/to-works.de\/wp\/wp-json\/wp\/v2\/users\/1"}],"replies":[{"embeddable":true,"href":"https:\/\/to-works.de\/wp\/wp-json\/wp\/v2\/comments?post=369"}],"version-history":[{"count":7,"href":"https:\/\/to-works.de\/wp\/wp-json\/wp\/v2\/pages\/369\/revisions"}],"predecessor-version":[{"id":498,"href":"https:\/\/to-works.de\/wp\/wp-json\/wp\/v2\/pages\/369\/revisions\/498"}],"wp:attachment":[{"href":"https:\/\/to-works.de\/wp\/wp-json\/wp\/v2\/media?parent=369"}],"curies":[{"name":"wp","href":"https:\/\/api.w.org\/{rel}","templated":true}]}}